{"id":573,"date":"2025-09-15T12:45:02","date_gmt":"2025-09-15T12:45:02","guid":{"rendered":"https:\/\/albn.travelblox.eu\/?page_id=573"},"modified":"2026-04-21T13:25:43","modified_gmt":"2026-04-21T13:25:43","slug":"over-ons","status":"publish","type":"page","link":"https:\/\/albn.travelblox.eu\/nl\/over-ons\/","title":{"rendered":"Over Albania Nomads"},"content":{"rendered":"<div class=\"tb-header tb-block align-center background-dark pattern-none variant-none\" id=\"header\" data-fallback-background=\"https:\/\/albn.travelblox.eu\/wp-content\/uploads\/sites\/115\/2025\/10\/SiliquiniLaura-Travelbase-AlbaniaNomads-LR20250726-2.jpg\" style=\"background-image: url('https:\/\/albn.travelblox.eu\/wp-content\/uploads\/sites\/115\/2025\/10\/SiliquiniLaura-Travelbase-AlbaniaNomads-LR20250726-2.jpg'); background-position:;\">\n    <div class=\"tb-header-foreground\">\n        <div class=\"inner-block\">\n\n            <div class=\"main-part\">\n                <div class=\"text-part\">\n                                                                <h1 class=\"tb-title\">Over ons<\/h1>\n                                                                                                                                                                        <div class=\"average-reviews-wrapper\" data-reviews-redirect-url=\"\" data-embed-social-id=\"b0ff53b6da69c89beca10ef7bb76aa0ece1708fa\"><\/div>\n                                    <\/div>\n            <\/div>\n            \n                    <\/div>\n    <\/div>\n\n    \n    \n        <nav class=\"tb-header__subnav\">\n            <div class=\"inner-block\">\n                <div class=\"tb-header__pagename\">\n                    Over Albania Nomads                <\/div>\n\n                <ul>\n                                            <li>\n                            <a href=\"#canada\">Le road trip<\/a>\n                        <\/li>\n\n                                            <li>\n                            <a href=\"#team\">L'\u00e9quipe<\/a>\n                        <\/li>\n\n                                            <li>\n                            <a href=\"#reviews\">De beoordelingen<\/a>\n                        <\/li>\n\n                    \n                                                <li class=\"tb-header__subnav_cta\">\n                                <a href=\"https:\/\/canadanomads.com\/fr\/#join\" class=\"tb-button\" >R\u00e9server le road trip<\/a>\n                            <\/li>\n                                    <\/ul>\n            <\/div>\n        <\/nav>\n\n    \n<\/div>\n\n\n<div class=\"tb-leadtext tb-block align-center background-light pattern-default variant-none tb-collapsible-margins\" id=\"leadtext\">\n\t<div class=\"inner-block tb-fade-in tb-fade-in--subtle\">\n\t\t<div class=\"text-part\">\n\t\t\t\t\t<div class=\"translation-block\"><p>Albania Nomads maakt deel uit van de <a href=\"https:\/\/travelbase.fr\/\" target=\"_blank\" rel=\"noopener\"><strong>Travelbase<\/strong><\/a> familie, specialist in unieke reizen over de hele wereld. Sinds 2010 cre\u00ebren we kant-en-klare avonturen die vrijheid, natuur en authentieke ontdekkingen combineren.<\/p>\n<p><strong>Onze missie?<\/strong> Het avontuur toegankelijk maken voor iedereen. We weten dat het organiseren van een roadtrip in Canada complex kan lijken: de beste campings vinden, de ideale route uitstippelen, activiteiten boeken tegen de beste prijs, en de must-see plekken spotten... Dat is precies waar wij bij komen kijken.<\/p>\n<p>We rijden zelf elke kilometer van onze routes. We testen de campings, onderhandelen over de tarieven, en identificeren de beste momenten om elke plek te bezoeken. Resultaat? <strong>Een<\/strong> <strong>perfect georganiseerde roadtrip<\/strong> waar je alleen maar hoeft te rijden en te genieten.<\/p>\n<p>Je reist volledig zelfstandig, in je eigen tempo, maar met de zekerheid van een bewezen route en de ondersteuning van het team als je dat nodig hebt.<\/p><\/div>\n\t\t\t<\/div>\n\t<\/div>\n<\/div>\n\n\n\n<div class=\"tb-textimage2 tb-block align-left background-light pattern-none variant-text_first tb-collapsible-margins\" id=\"canada\">\n\t<div class=\"inner-block tb-fade-in\">\n\n\t\t\n\t\t<div class=\"tb-columns\">\n\t\t\t<div class=\"tb-column\">\n\t\t\t\t<div class=\"tb-text-part\">\n\t\t\t\t\t<h2>Waarom Albani\u00eb<\/h2>\n\t\t\t\t\t\t\t<div class=\"translation-block\"><p>Albania Nomads is een onvergetelijk avontuur van 7 dagen, zorgvuldig samengesteld door <strong>een team van reizigers, avonturiers en gepassioneerde locals<\/strong> die allemaal \u00e9\u00e9n ding gemeen hebben: een onmiskenbare liefde voor Albani\u00eb.<\/p>\n<p>We hebben onze ervaringen gebundeld om de perfecte route voor jou te cre\u00ebren. Van must-sees tot verborgen juweeltjes, en alles wat daar tussenin ligt, we kennen de bestemming als onze broekzak en nemen je graag mee om het te verkennen...<\/p><\/div>\n\t\t\t\t\t\t\t\t\t\t\t<div class=\"tb-buttons-part\">\n\t\t\t\t\t\t\t\t\t\t\t\t\t\t\t\t\t<\/div>\n\t\t\t\t<\/div>\n\t\t\t<\/div>\n\t\t\t<div class=\"tb-column\">\n\t\t\t\t\t\t\t\t\t\t\t\t\t\t\t<div class=\"tb-image-part\">\n\t\t\t\t\t\t\t<img src='https:\/\/albn.travelblox.eu\/wp-content\/uploads\/sites\/115\/2025\/10\/Girokastra-day-4-768x1152.jpg' width='768' height='1152' loading='lazy' image_size='medium_large'>\t\t\t\t\t\t<\/div>\n\t\t\t\t\t\t\t\t\t\t\t\t<\/div>\n\t\t<\/div>\n\t<\/div>\n<\/div>\n\n\n<div class=\"tb-textimage2 tb-block align-left background-light pattern-none variant-image_first tb-collapsible-margins\" id=\"textimage2-1\">\n\t<div class=\"inner-block tb-fade-in\">\n\n\t\t\n\t\t<div class=\"tb-columns\">\n\t\t\t<div class=\"tb-column\">\n\t\t\t\t<div class=\"tb-text-part\">\n\t\t\t\t\t<h2>Onze toewijding<\/h2>\n\t\t\t\t\t\t\t<div class=\"translation-block\"><p>Wij geloven in <strong>verantwoord reizen<\/strong>. Daarom werken we samen met lokale partners, bieden we mogelijkheden voor CO2-compensatie via Greentripper, en moedigen we milieuvriendelijke praktijken aan tijdens de reis.<\/p>\n<p>We zijn ook <strong>transparant<\/strong> over onze prijzen. Geen verborgen kosten, geen vervelende verrassingen. Wat je ziet, is wat je betaalt.<\/p>\n<p>Ontdek <a href=\"https:\/\/travelbase.fr\/durabilite\/\" target=\"_blank\" rel=\"noopener\">alle initiatieven van Travelbase<\/a>.<\/p><\/div>\n\t\t\t\t\t\t\t\t\t\t\t<div class=\"tb-buttons-part\">\n\t\t\t\t\t\t\t\t\t\t\t\t\t\t\t\t\t<\/div>\n\t\t\t\t<\/div>\n\t\t\t<\/div>\n\t\t\t<div class=\"tb-column\">\n\t\t\t\t\t\t\t\t\t\t\t\t\t\t\t<div class=\"tb-image-part\">\n\t\t\t\t\t\t\t<img src='https:\/\/albn.travelblox.eu\/wp-content\/uploads\/sites\/115\/2025\/03\/DJI_0158-scaled-e1773071117143-768x555.jpg' width='768' height='555' alt='Riviera Albanees' loading='lazy' image_size='medium_large'>\t\t\t\t\t\t<\/div>\n\t\t\t\t\t\t\t\t\t\t\t\t<\/div>\n\t\t<\/div>\n\t<\/div>\n<\/div>\n\n\n<div class=\"tb-team tb-block align-center background-dark pattern-none variant-none tb-collapsible-margins\" id=\"team\">\n\t<div class=\"inner-block tb-fade-in tb-fade-in--subtle\">\n\t\t<div class=\"text-part\">\n\t\t\t<h2>Een gepassioneerd team tot uw dienst<\/h2>\n\t\t\t\t\t<div class=\"translation-block\"><p>Benieuwd naar de gezichten achter deze roadtrip? Dit zijn onze reisexperts!<\/p><\/div>\n\t\t\t<\/div>\n\t<\/div>\n\t\t\t\t\t<div class=\"inner-block-full-width has-tb-carousel\" >\n\t\t\t<div class=\"tb-carousel-container\">\n\t\t\t\t<div class=\"entries tb-cards\" data-slider-first=\"1\">\n\t\t\t\t\t\t\t\t\t<div class=\"tb-card entry\" style=\"background-image: url('https:\/\/albn.travelblox.eu\/wp-content\/uploads\/sites\/115\/2025\/08\/Fanny-819x1024.jpg')\">\n\t\t\t\t<label for=\"tb-team-read-more-block_s115__p573__team-0\" class=\"tb-team__card-label\">\n\t\t\t\t\t<div class=\"overlay\"><\/div>\n\t\t\t\t\t<div class=\"overlay overlay--extra\"><\/div>\n\t\t\t\t\t<div class=\"content\">\n\t\t\t\t\t\t<div class=\"tb-team__card-titles\">\n\t\t\t\t\t\t\t<h3>Fanny<\/h3>\n\t\t\t\t\t\t\t\t\t\t\t\t\t\t\t<p>organiseert je roadtrip<\/p>\n\t\t\t\t\t\t\t\t\t\t\t\t\t<\/div>\n\t\t\t\t\t\t\t\t\t\t\t<\/div>\n\t\t\t\t\t<input type=\"checkbox\" class=\"tb-team__card-checkbox\" id=\"tb-team-read-more-block_s115__p573__team-0\">\n\t\t\t\t<\/label>\n\t\t\t<\/div>\n\t\t\t\t\t<div class=\"tb-card entry\" style=\"background-image: url('https:\/\/albn.travelblox.eu\/wp-content\/uploads\/sites\/115\/2025\/09\/3-819x1024.jpg')\">\n\t\t\t\t<label for=\"tb-team-read-more-block_s115__p573__team-1\" class=\"tb-team__card-label\">\n\t\t\t\t\t<div class=\"overlay\"><\/div>\n\t\t\t\t\t<div class=\"overlay overlay--extra\"><\/div>\n\t\t\t\t\t<div class=\"content\">\n\t\t\t\t\t\t<div class=\"tb-team__card-titles\">\n\t\t\t\t\t\t\t<h3>Julie<\/h3>\n\t\t\t\t\t\t\t\t\t\t\t\t\t\t\t<p>houdt zich bezig met de marketing<\/p>\n\t\t\t\t\t\t\t\t\t\t\t\t\t<\/div>\n\t\t\t\t\t\t\t\t\t\t\t<\/div>\n\t\t\t\t\t<input type=\"checkbox\" class=\"tb-team__card-checkbox\" id=\"tb-team-read-more-block_s115__p573__team-1\">\n\t\t\t\t<\/label>\n\t\t\t<\/div>\n\t\t\t\t\t<div class=\"tb-card entry\" style=\"background-image: url('https:\/\/albn.travelblox.eu\/wp-content\/uploads\/sites\/115\/2025\/09\/SOPHIE-fade-819x1024.jpg')\">\n\t\t\t\t<label for=\"tb-team-read-more-block_s115__p573__team-2\" class=\"tb-team__card-label\">\n\t\t\t\t\t<div class=\"overlay\"><\/div>\n\t\t\t\t\t<div class=\"overlay overlay--extra\"><\/div>\n\t\t\t\t\t<div class=\"content\">\n\t\t\t\t\t\t<div class=\"tb-team__card-titles\">\n\t\t\t\t\t\t\t<h3>Sophie<\/h3>\n\t\t\t\t\t\t\t\t\t\t\t\t\t\t\t<p>organiseert je roadtrip<\/p>\n\t\t\t\t\t\t\t\t\t\t\t\t\t<\/div>\n\t\t\t\t\t\t\t\t\t\t\t<\/div>\n\t\t\t\t\t<input type=\"checkbox\" class=\"tb-team__card-checkbox\" id=\"tb-team-read-more-block_s115__p573__team-2\">\n\t\t\t\t<\/label>\n\t\t\t<\/div>\n\t\t\t\t\t<div class=\"tb-card entry\" style=\"background-image: url('https:\/\/albn.travelblox.eu\/wp-content\/uploads\/sites\/115\/2025\/08\/Claudia-819x1024.jpg')\">\n\t\t\t\t<label for=\"tb-team-read-more-block_s115__p573__team-3\" class=\"tb-team__card-label\">\n\t\t\t\t\t<div class=\"overlay\"><\/div>\n\t\t\t\t\t<div class=\"overlay overlay--extra\"><\/div>\n\t\t\t\t\t<div class=\"content\">\n\t\t\t\t\t\t<div class=\"tb-team__card-titles\">\n\t\t\t\t\t\t\t<h3>Claudia<\/h3>\n\t\t\t\t\t\t\t\t\t\t\t\t\t\t\t<p>beantwoordt al jouw vragen<\/p>\n\t\t\t\t\t\t\t\t\t\t\t\t\t<\/div>\n\t\t\t\t\t\t\t\t\t\t\t<\/div>\n\t\t\t\t\t<input type=\"checkbox\" class=\"tb-team__card-checkbox\" id=\"tb-team-read-more-block_s115__p573__team-3\">\n\t\t\t\t<\/label>\n\t\t\t<\/div>\n\t\t\t\t\t<div class=\"tb-card entry\" style=\"background-image: url('https:\/\/albn.travelblox.eu\/wp-content\/uploads\/sites\/115\/2026\/04\/IMG_3121-2-1024x1013.jpg')\">\n\t\t\t\t<label for=\"tb-team-read-more-block_s115__p573__team-4\" class=\"tb-team__card-label\">\n\t\t\t\t\t<div class=\"overlay\"><\/div>\n\t\t\t\t\t<div class=\"overlay overlay--extra\"><\/div>\n\t\t\t\t\t<div class=\"content\">\n\t\t\t\t\t\t<div class=\"tb-team__card-titles\">\n\t\t\t\t\t\t\t<h3>Leonie<\/h3>\n\t\t\t\t\t\t\t\t\t\t\t\t\t\t\t<p>organiseert je roadtrip<\/p>\n\t\t\t\t\t\t\t\t\t\t\t\t\t<\/div>\n\t\t\t\t\t\t\t\t\t\t\t<\/div>\n\t\t\t\t\t<input type=\"checkbox\" class=\"tb-team__card-checkbox\" id=\"tb-team-read-more-block_s115__p573__team-4\">\n\t\t\t\t<\/label>\n\t\t\t<\/div>\n\t\t\t\t\t<div class=\"tb-card entry\" style=\"background-image: url('https:\/\/albn.travelblox.eu\/wp-content\/uploads\/sites\/115\/2025\/09\/4-819x1024.jpg')\">\n\t\t\t\t<label for=\"tb-team-read-more-block_s115__p573__team-5\" class=\"tb-team__card-label\">\n\t\t\t\t\t<div class=\"overlay\"><\/div>\n\t\t\t\t\t<div class=\"overlay overlay--extra\"><\/div>\n\t\t\t\t\t<div class=\"content\">\n\t\t\t\t\t\t<div class=\"tb-team__card-titles\">\n\t\t\t\t\t\t\t<h3>Lara<\/h3>\n\t\t\t\t\t\t\t\t\t\t\t\t\t\t\t<p>beantwoordt al jouw vragen<\/p>\n\t\t\t\t\t\t\t\t\t\t\t\t\t<\/div>\n\t\t\t\t\t\t\t\t\t\t\t<\/div>\n\t\t\t\t\t<input type=\"checkbox\" class=\"tb-team__card-checkbox\" id=\"tb-team-read-more-block_s115__p573__team-5\">\n\t\t\t\t<\/label>\n\t\t\t<\/div>\n\t\t\t\t\t\t\t\t<\/div>\n\t\t\t\t\t\t<div class=\"tb-carousel-nav\">\n\t\t\t<div class=\"dots\">\n\t\t\t\t<div class=\"dot active\"><\/div>\n\t\t\t\t<div class=\"dot\"><\/div>\n\t\t\t\t<div class=\"dot\"><\/div>\n\t\t\t<\/div>\n\t\t\t<div class=\"arrows\">\n\t\t\t\t<div class=\"prev disabled\">\n\t\t\t\t\t<span><i class=\"fa fa-chevron-left\"><\/i><\/span>\n\t\t\t\t<\/div>\n\t\t\t\t<div class=\"next\">\n\t\t\t\t\t<span><i class=\"fa fa-chevron-right\"><\/i><\/span>\n\t\t\t\t<\/div>\n\t\t\t<\/div>\n\t\t<\/div>\n\t\t\t\t<\/div>\n\t\t<\/div>\n\t\t\t\t\t<div class=\"tb-team__extra inner-block tb-fade-in tb-fade-in--subtle\">\n\t\t\t<div class=\"text-part\">\n\t\t\t\t<h3>Een vraag over je reis?<\/h3>\n\t\t\t\t\t\t<div class=\"translation-block\"><p>Aarzel niet om <a href=\"https:\/\/albanianomads.com\/nl\/contact\/\" target=\"_blank\">ons te contacteren<\/a>. We helpen je graag verder!<\/p><\/div>\n\t\t\t\t\t<div class=\"tb-buttons-part\">\n\t\t\t\t\t\t\t\t\t<\/div>\n\t\t\t<\/div>\n\t\t<\/div>\n\t<\/div>\n\n\n\n\n<div class=\"tb-leadtext tb-block align-center background-light pattern-default variant-none tb-collapsible-margins\" id=\"leadtext-1\">\n\t<div class=\"inner-block tb-fade-in tb-fade-in--subtle\">\n\t\t<div class=\"text-part\">\n\t\t\t\t\t<div class=\"translation-block\"><p><strong>Sluit je aan bij het avontuur<\/strong><\/p>\n<p>Of je nu met je partner, familie of vrienden bent, onze roadtrip Albania Nomads is perfect voor jou. Meer dan 50.000 reizigers hebben ons al wereldwijd vertrouwd. Klaar om je eigen Albanese avontuur te beleven?<\/p><\/div>\n\t\t\t<\/div>\n\t<\/div>\n<\/div>","protected":false},"excerpt":{"rendered":"","protected":false},"author":130,"featured_media":34,"parent":0,"menu_order":0,"comment_status":"closed","ping_status":"closed","template":"","meta":{"_acf_changed":false,"inline_featured_image":false,"footnotes":""},"class_list":["post-573","page","type-page","status-publish","has-post-thumbnail","hentry"],"acf":{"page_package_ids":"","is_main_package_page":false,"additional_linked_packages":[],"feed_page_to_atlas":true},"_links":{"self":[{"href":"https:\/\/albn.travelblox.eu\/nl\/wp-json\/wp\/v2\/pages\/573","targetHints":{"allow":["GET"]}}],"collection":[{"href":"https:\/\/albn.travelblox.eu\/nl\/wp-json\/wp\/v2\/pages"}],"about":[{"href":"https:\/\/albn.travelblox.eu\/nl\/wp-json\/wp\/v2\/types\/page"}],"author":[{"embeddable":true,"href":"https:\/\/albn.travelblox.eu\/nl\/wp-json\/wp\/v2\/users\/130"}],"replies":[{"embeddable":true,"href":"https:\/\/albn.travelblox.eu\/nl\/wp-json\/wp\/v2\/comments?post=573"}],"version-history":[{"count":40,"href":"https:\/\/albn.travelblox.eu\/nl\/wp-json\/wp\/v2\/pages\/573\/revisions"}],"predecessor-version":[{"id":1227,"href":"https:\/\/albn.travelblox.eu\/nl\/wp-json\/wp\/v2\/pages\/573\/revisions\/1227"}],"wp:featuredmedia":[{"embeddable":true,"href":"https:\/\/albn.travelblox.eu\/nl\/wp-json\/wp\/v2\/media\/34"}],"wp:attachment":[{"href":"https:\/\/albn.travelblox.eu\/nl\/wp-json\/wp\/v2\/media?parent=573"}],"curies":[{"name":"wp","href":"https:\/\/api.w.org\/{rel}","templated":true}]}}